{"id":12,"date":"2025-07-28T23:17:16","date_gmt":"2025-07-28T23:17:16","guid":{"rendered":"https:\/\/arquiteturasacra.com.br\/portfolio\/single-service\/"},"modified":"2025-07-29T22:18:18","modified_gmt":"2025-07-29T22:18:18","slug":"single-service","status":"publish","type":"page","link":"https:\/\/arquiteturasacra.com.br\/portfolio\/single-service\/","title":{"rendered":"Single-Service"},"content":{"rendered":"\t\t<div data-elementor-type=\"wp-page\" data-elementor-id=\"12\" class=\"elementor elementor-12\" data-elementor-post-type=\"page\">\n\t\t\t\t<div class=\"elementor-element elementor-element-60d7a77c e-flex e-con-boxed e-con e-parent\" data-id=\"60d7a77c\" data-element_type=\"container\" data-settings=\"{&quot;background_background&quot;:&quot;classic&quot;}\">\n\t\t\t\t\t<div class=\"e-con-inner\">\n\t\t<div class=\"elementor-element elementor-element-6b623d88 e-flex e-con-boxed e-con e-child\" data-id=\"6b623d88\" data-element_type=\"container\">\n\t\t\t\t\t<div class=\"e-con-inner\">\n\t\t\t\t<div class=\"elementor-element elementor-element-3e6cc123 elementor-widget elementor-widget-qi_addons_for_elementor_section_title\" data-id=\"3e6cc123\" data-element_type=\"widget\" data-widget_type=\"qi_addons_for_elementor_section_title.default\">\n\t\t\t\t<div class=\"elementor-widget-container\">\n\t\t\t\t\t<div class=\"qodef-shortcode qodef-m qodef-qi-section-title qodef-decoration--bold qodef-link--underline-draw qodef-subtitle-icon--left\">\n\t\t\t<h2 class=\"qodef-m-title\">\n\t\t<span class=\"qodef-e-colored\">Obras<\/span> de arte\t<\/h2>\n\t\t\t\t<h5 class=\"qodef-m-subtitle\">\n\t\tpaineis - Cruzes - quadros\t\t\t<\/h5>\n\t\t\t<\/div>\n\t\t\t\t<\/div>\n\t\t\t\t<\/div>\n\t\t\t\t\t<\/div>\n\t\t\t\t<\/div>\n\t\t\t\t\t<\/div>\n\t\t\t\t<\/div>\n\t\t<div class=\"elementor-element elementor-element-f3400a2 e-flex e-con-boxed e-con e-parent\" data-id=\"f3400a2\" data-element_type=\"container\" data-settings=\"{&quot;background_background&quot;:&quot;classic&quot;}\">\n\t\t\t\t\t<div class=\"e-con-inner\">\n\t\t<div class=\"elementor-element elementor-element-24339b61 e-con-full e-flex e-con e-child\" data-id=\"24339b61\" data-element_type=\"container\">\n\t\t\t\t<div class=\"elementor-element elementor-element-678bba9f elementor-widget elementor-widget-qi_addons_for_elementor_section_title\" data-id=\"678bba9f\" data-element_type=\"widget\" data-widget_type=\"qi_addons_for_elementor_section_title.default\">\n\t\t\t\t<div class=\"elementor-widget-container\">\n\t\t\t\t\t<div class=\"qodef-shortcode qodef-m qodef-qi-section-title qodef-title-break--disabled qodef-decoration--bold qodef-link--underline-draw qodef-subtitle-icon--left\">\n\t\t\t\t\t\t<h2 class=\"qodef-m-title\">\n\t\tExpress\u00f5es <span class=\"qodef-e-decorated\">do<\/span> <span class=\"qodef-e-colored\">Sagrado<\/span> em <span class=\"qodef-e-colored\">T\u00e9cnica<\/span> e Cor\t<\/h2>\n\t\t\t<div class=\"qodef-m-text\"><p>Das composi\u00e7\u00f5es intensas em carv\u00e3o e folha de ouro \u00e0s obras vibrantes e coloridas, cada cria\u00e7\u00e3o de Romolo reflete sua busca por traduzir o mist\u00e9rio do divino em forma visual. Com t\u00e9cnicas pr\u00f3prias e profundo senso simb\u00f3lico, suas obras revelam diferentes caminhos de contempla\u00e7\u00e3o, beleza e f\u00e9.<\/p><\/div>\n\t\t<div class=\"qodef-m-button qodef-qi-clear\">\n\t\t<a class=\"qodef-shortcode qodef-m qodef-qi-button qodef-html--link qodef-layout--textual qodef-type--standard qodef-icon--right qodef-hover--icon-move-horizontal-short\" href=\"\/portfolio\" target=\"_self\">\t<span class=\"qodef-m-text\">fale com o artista<\/span>\t\t<span class=\"qodef-m-icon\">\t\t<span class=\"qodef-m-icon-inner\">\t\t\t<svg aria-hidden=\"true\" class=\"e-font-icon-svg e-fas-long-arrow-alt-down\" viewBox=\"0 0 256 512\" xmlns=\"http:\/\/www.w3.org\/2000\/svg\"><path d=\"M168 345.941V44c0-6.627-5.373-12-12-12h-56c-6.627 0-12 5.373-12 12v301.941H41.941c-21.382 0-32.09 25.851-16.971 40.971l86.059 86.059c9.373 9.373 24.569 9.373 33.941 0l86.059-86.059c15.119-15.119 4.411-40.971-16.971-40.971H168z\"><\/path><\/svg>\t\t\t\t\t<\/span>\t<\/span><\/a>\t<\/div>\n<\/div>\n\t\t\t\t<\/div>\n\t\t\t\t<\/div>\n\t\t\t\t<\/div>\n\t\t<div class=\"elementor-element elementor-element-6c5a5b1 e-con-full e-flex e-con e-child\" data-id=\"6c5a5b1\" data-element_type=\"container\">\n\t\t\t\t<div class=\"elementor-element elementor-element-2b7fe75f elementor-widget-tablet__width-initial elementor-widget elementor-widget-qi_addons_for_elementor_cards_slider\" data-id=\"2b7fe75f\" data-element_type=\"widget\" data-widget_type=\"qi_addons_for_elementor_cards_slider.default\">\n\t\t\t\t<div class=\"elementor-widget-container\">\n\t\t\t\t\t<div class=\"qodef-shortcode qodef-m qodef-qi-cards-slider qodef-orientation--one-side qodef-navigation--hover-move qodef-orientation--right\" data-orientation=\"right\" data-offset=\"40\">\n\t<div class=\"qodef-e-inner\">\n\t\t\t\t\t<div class=\"qodef-m-card\">\n\t\t\t\t<div class=\"qodef-m-bundle-item\">\n\t\t\t\t\t\t\t\t\t\t\t<img fetchpriority=\"high\" decoding=\"async\" width=\"650\" height=\"650\" src=\"https:\/\/arquiteturasacra.com.br\/portfolio\/wp-content\/uploads\/2025\/07\/2021.12_Capela-Marista_Sinop-MT06-650x650.png\" class=\"attachment-qi_addons_for_elementor_image_size_square size-qi_addons_for_elementor_image_size_square\" alt=\"\" srcset=\"https:\/\/arquiteturasacra.com.br\/portfolio\/wp-content\/uploads\/2025\/07\/2021.12_Capela-Marista_Sinop-MT06-650x650.png 650w, https:\/\/arquiteturasacra.com.br\/portfolio\/wp-content\/uploads\/2025\/07\/2021.12_Capela-Marista_Sinop-MT06-300x300.png 300w, https:\/\/arquiteturasacra.com.br\/portfolio\/wp-content\/uploads\/2025\/07\/2021.12_Capela-Marista_Sinop-MT06-1024x1024.png 1024w, https:\/\/arquiteturasacra.com.br\/portfolio\/wp-content\/uploads\/2025\/07\/2021.12_Capela-Marista_Sinop-MT06-150x150.png 150w, https:\/\/arquiteturasacra.com.br\/portfolio\/wp-content\/uploads\/2025\/07\/2021.12_Capela-Marista_Sinop-MT06-768x768.png 768w, https:\/\/arquiteturasacra.com.br\/portfolio\/wp-content\/uploads\/2025\/07\/2021.12_Capela-Marista_Sinop-MT06.png 1200w\" sizes=\"(max-width: 650px) 100vw, 650px\" \/>\t\t\t\t\t\t\t\t\t<\/div>\n\t\t\t<\/div>\n\t\t\t\t\t<div class=\"qodef-m-card\">\n\t\t\t\t<div class=\"qodef-m-bundle-item\">\n\t\t\t\t\t\t\t\t\t\t\t<img decoding=\"async\" width=\"650\" height=\"650\" src=\"https:\/\/arquiteturasacra.com.br\/portfolio\/wp-content\/uploads\/2025\/07\/Mae-de-Deus-com-Menino-Jesus_01.jpg-650x650.jpg\" class=\"attachment-qi_addons_for_elementor_image_size_square size-qi_addons_for_elementor_image_size_square\" alt=\"\" srcset=\"https:\/\/arquiteturasacra.com.br\/portfolio\/wp-content\/uploads\/2025\/07\/Mae-de-Deus-com-Menino-Jesus_01.jpg-650x650.jpg 650w, https:\/\/arquiteturasacra.com.br\/portfolio\/wp-content\/uploads\/2025\/07\/Mae-de-Deus-com-Menino-Jesus_01.jpg-150x150.jpg 150w, https:\/\/arquiteturasacra.com.br\/portfolio\/wp-content\/uploads\/2025\/07\/Mae-de-Deus-com-Menino-Jesus_01.jpg-1300x1300.jpg 1300w\" sizes=\"(max-width: 650px) 100vw, 650px\" \/>\t\t\t\t\t\t\t\t\t<\/div>\n\t\t\t<\/div>\n\t\t\t\t\t<div class=\"qodef-m-card\">\n\t\t\t\t<div class=\"qodef-m-bundle-item\">\n\t\t\t\t\t\t\t\t\t\t\t<img decoding=\"async\" width=\"650\" height=\"650\" src=\"https:\/\/arquiteturasacra.com.br\/portfolio\/wp-content\/uploads\/2025\/07\/Murais-para-catequesis-650x650.jpg\" class=\"attachment-qi_addons_for_elementor_image_size_square size-qi_addons_for_elementor_image_size_square\" alt=\"\" srcset=\"https:\/\/arquiteturasacra.com.br\/portfolio\/wp-content\/uploads\/2025\/07\/Murais-para-catequesis-650x650.jpg 650w, https:\/\/arquiteturasacra.com.br\/portfolio\/wp-content\/uploads\/2025\/07\/Murais-para-catequesis-150x150.jpg 150w, https:\/\/arquiteturasacra.com.br\/portfolio\/wp-content\/uploads\/2025\/07\/Murais-para-catequesis-1300x1300.jpg 1300w\" sizes=\"(max-width: 650px) 100vw, 650px\" \/>\t\t\t\t\t\t\t\t\t<\/div>\n\t\t\t<\/div>\n\t\t\t\t\t<div class=\"qodef-m-card\">\n\t\t\t\t<div class=\"qodef-m-bundle-item\">\n\t\t\t\t\t\t\t\t\t\t\t<img loading=\"lazy\" decoding=\"async\" width=\"650\" height=\"650\" src=\"https:\/\/arquiteturasacra.com.br\/portfolio\/wp-content\/uploads\/2025\/07\/2020.08_Capela-Fapcom-Paulus_Sao-Paulo-SP04-650x650.jpeg\" class=\"attachment-qi_addons_for_elementor_image_size_square size-qi_addons_for_elementor_image_size_square\" alt=\"\" srcset=\"https:\/\/arquiteturasacra.com.br\/portfolio\/wp-content\/uploads\/2025\/07\/2020.08_Capela-Fapcom-Paulus_Sao-Paulo-SP04-650x650.jpeg 650w, https:\/\/arquiteturasacra.com.br\/portfolio\/wp-content\/uploads\/2025\/07\/2020.08_Capela-Fapcom-Paulus_Sao-Paulo-SP04-150x150.jpeg 150w\" sizes=\"(max-width: 650px) 100vw, 650px\" \/>\t\t\t\t\t\t\t\t\t<\/div>\n\t\t\t<\/div>\n\t\t\t\t\t<div class=\"qodef-m-card\">\n\t\t\t\t<div class=\"qodef-m-bundle-item\">\n\t\t\t\t\t\t\t\t\t\t\t<img loading=\"lazy\" decoding=\"async\" width=\"650\" height=\"650\" src=\"https:\/\/arquiteturasacra.com.br\/portfolio\/wp-content\/uploads\/2025\/07\/Cristo-Bom-Pastor_02.jpg-650x650.jpg\" class=\"attachment-qi_addons_for_elementor_image_size_square size-qi_addons_for_elementor_image_size_square\" alt=\"\" srcset=\"https:\/\/arquiteturasacra.com.br\/portfolio\/wp-content\/uploads\/2025\/07\/Cristo-Bom-Pastor_02.jpg-650x650.jpg 650w, https:\/\/arquiteturasacra.com.br\/portfolio\/wp-content\/uploads\/2025\/07\/Cristo-Bom-Pastor_02.jpg-150x150.jpg 150w, https:\/\/arquiteturasacra.com.br\/portfolio\/wp-content\/uploads\/2025\/07\/Cristo-Bom-Pastor_02.jpg-1300x1300.jpg 1300w\" sizes=\"(max-width: 650px) 100vw, 650px\" \/>\t\t\t\t\t\t\t\t\t<\/div>\n\t\t\t<\/div>\n\t\t\t<\/div>\n\t<div class=\"qodef-m-fake-card\">\n\t\t<img loading=\"lazy\" decoding=\"async\" width=\"650\" height=\"650\" src=\"https:\/\/arquiteturasacra.com.br\/portfolio\/wp-content\/uploads\/2025\/07\/Cristo-Bom-Pastor_02.jpg-650x650.jpg\" class=\"attachment-qi_addons_for_elementor_image_size_square size-qi_addons_for_elementor_image_size_square\" alt=\"\" srcset=\"https:\/\/arquiteturasacra.com.br\/portfolio\/wp-content\/uploads\/2025\/07\/Cristo-Bom-Pastor_02.jpg-650x650.jpg 650w, https:\/\/arquiteturasacra.com.br\/portfolio\/wp-content\/uploads\/2025\/07\/Cristo-Bom-Pastor_02.jpg-150x150.jpg 150w, https:\/\/arquiteturasacra.com.br\/portfolio\/wp-content\/uploads\/2025\/07\/Cristo-Bom-Pastor_02.jpg-1300x1300.jpg 1300w\" sizes=\"(max-width: 650px) 100vw, 650px\" \/>\t<\/div>\n\t<div class=\"qodef-m-navigation\">\n\t\t<div class=\"qodef-nav qodef--prev\"><svg aria-hidden=\"true\" class=\"e-font-icon-svg e-fas-arrow-left\" viewBox=\"0 0 448 512\" xmlns=\"http:\/\/www.w3.org\/2000\/svg\"><path d=\"M257.5 445.1l-22.2 22.2c-9.4 9.4-24.6 9.4-33.9 0L7 273c-9.4-9.4-9.4-24.6 0-33.9L201.4 44.7c9.4-9.4 24.6-9.4 33.9 0l22.2 22.2c9.5 9.5 9.3 25-.4 34.3L136.6 216H424c13.3 0 24 10.7 24 24v32c0 13.3-10.7 24-24 24H136.6l120.5 114.8c9.8 9.3 10 24.8.4 34.3z\"><\/path><\/svg><\/div>\n\t\t<div class=\"qodef-nav qodef--next\"><svg aria-hidden=\"true\" class=\"e-font-icon-svg e-fas-arrow-right\" viewBox=\"0 0 448 512\" xmlns=\"http:\/\/www.w3.org\/2000\/svg\"><path d=\"M190.5 66.9l22.2-22.2c9.4-9.4 24.6-9.4 33.9 0L441 239c9.4 9.4 9.4 24.6 0 33.9L246.6 467.3c-9.4 9.4-24.6 9.4-33.9 0l-22.2-22.2c-9.5-9.5-9.3-25 .4-34.3L311.4 296H24c-13.3 0-24-10.7-24-24v-32c0-13.3 10.7-24 24-24h287.4L190.9 101.2c-9.8-9.3-10-24.8-.4-34.3z\"><\/path><\/svg><\/div>\n\t<\/div>\n<\/div>\n\t\t\t\t<\/div>\n\t\t\t\t<\/div>\n\t\t\t\t<\/div>\n\t\t\t\t\t<\/div>\n\t\t\t\t<\/div>\n\t\t<div class=\"elementor-element elementor-element-6fcec1b8 e-con-full e-flex e-con e-parent\" data-id=\"6fcec1b8\" data-element_type=\"container\" data-settings=\"{&quot;background_background&quot;:&quot;classic&quot;}\">\n\t\t<div class=\"elementor-element elementor-element-3f774e45 e-con-full e-flex e-con e-child\" data-id=\"3f774e45\" data-element_type=\"container\">\n\t\t\t\t<div class=\"elementor-element elementor-element-7875e85 elementor-widget elementor-widget-qi_addons_for_elementor_image_gallery\" data-id=\"7875e85\" data-element_type=\"widget\" data-widget_type=\"qi_addons_for_elementor_image_gallery.default\">\n\t\t\t\t<div class=\"elementor-widget-container\">\n\t\t\t\t\t<div class=\"qodef-shortcode qodef-m qodef-qi-image-gallery qodef-qi-fslightbox-popup qodef-popup-gallery qodef-image--hover-zoom qodef-qi-grid qodef-layout--qi-columns qodef-col-num--6 qodef-responsive--custom qodef-col-num--1680--3 qodef-col-num--1440--3 qodef-col-num--1366--3 qodef-col-num--1024--3 qodef-col-num--768--2 qodef-col-num--680--2 qodef-col-num--480--2\">\n\t<div class=\"qodef-grid-inner\">\n\t\t<div class=\"qodef-e qodef-image-wrapper qodef-grid-item\">\n\t<div class=\"qodef-e-inner\">\n\t\t\t\t\t<a class=\"qodef-popup-item\" itemprop=\"image\" href=\"https:\/\/arquiteturasacra.com.br\/portfolio\/wp-content\/uploads\/2025\/07\/2020.08_Capela-Fapcom-Paulus_Sao-Paulo-SP-01.jpg\" data-type=\"image\" data-fslightbox=\"gallery-495\">\n\t\t\t\t\t<img loading=\"lazy\" decoding=\"async\" src=\"https:\/\/arquiteturasacra.com.br\/portfolio\/wp-content\/uploads\/2025\/07\/2020.08_Capela-Fapcom-Paulus_Sao-Paulo-SP-01-600x566.jpg\" alt=\"\" width=\"600\" height=\"566\" \/>\t\t\t\t\t<\/a>\n\t\t\t<\/div>\n<\/div>\n<div class=\"qodef-e qodef-image-wrapper qodef-grid-item\">\n\t<div class=\"qodef-e-inner\">\n\t\t\t\t\t<a class=\"qodef-popup-item\" itemprop=\"image\" href=\"https:\/\/arquiteturasacra.com.br\/portfolio\/wp-content\/uploads\/2025\/07\/2021.10_Capela-da-Casa-Marista_Reitoria-da-PUC-Curitiba-PR-01.jpg\" data-type=\"image\" data-fslightbox=\"gallery-495\">\n\t\t\t\t\t<img loading=\"lazy\" decoding=\"async\" src=\"https:\/\/arquiteturasacra.com.br\/portfolio\/wp-content\/uploads\/2025\/07\/2021.10_Capela-da-Casa-Marista_Reitoria-da-PUC-Curitiba-PR-01-600x566.jpg\" alt=\"\" width=\"600\" height=\"566\" \/>\t\t\t\t\t<\/a>\n\t\t\t<\/div>\n<\/div>\n<div class=\"qodef-e qodef-image-wrapper qodef-grid-item\">\n\t<div class=\"qodef-e-inner\">\n\t\t\t\t\t<a class=\"qodef-popup-item\" itemprop=\"image\" href=\"https:\/\/arquiteturasacra.com.br\/portfolio\/wp-content\/uploads\/2025\/07\/Cristo-Bom-Pastor_02.jpg.jpg\" data-type=\"image\" data-fslightbox=\"gallery-495\">\n\t\t\t\t\t<img loading=\"lazy\" decoding=\"async\" src=\"https:\/\/arquiteturasacra.com.br\/portfolio\/wp-content\/uploads\/2025\/07\/Cristo-Bom-Pastor_02.jpg-600x566.jpg\" alt=\"\" width=\"600\" height=\"566\" \/>\t\t\t\t\t<\/a>\n\t\t\t<\/div>\n<\/div>\n<div class=\"qodef-e qodef-image-wrapper qodef-grid-item\">\n\t<div class=\"qodef-e-inner\">\n\t\t\t\t\t<a class=\"qodef-popup-item\" itemprop=\"image\" href=\"https:\/\/arquiteturasacra.com.br\/portfolio\/wp-content\/uploads\/2025\/07\/2022.11_Capela-Sao-Jose-Maristas_Sao-Jose-dos-Pinhais-PR13.jpeg\" data-type=\"image\" data-fslightbox=\"gallery-495\">\n\t\t\t\t\t<img loading=\"lazy\" decoding=\"async\" src=\"https:\/\/arquiteturasacra.com.br\/portfolio\/wp-content\/uploads\/2025\/07\/2022.11_Capela-Sao-Jose-Maristas_Sao-Jose-dos-Pinhais-PR13-600x566.jpeg\" alt=\"\" width=\"600\" height=\"566\" \/>\t\t\t\t\t<\/a>\n\t\t\t<\/div>\n<\/div>\n<div class=\"qodef-e qodef-image-wrapper qodef-grid-item\">\n\t<div class=\"qodef-e-inner\">\n\t\t\t\t\t<a class=\"qodef-popup-item\" itemprop=\"image\" href=\"https:\/\/arquiteturasacra.com.br\/portfolio\/wp-content\/uploads\/2025\/07\/2022.11_Capela-Sao-Jose-Maristas_Sao-Jose-dos-Pinhais-PR-depois-08-1.jpg\" data-type=\"image\" data-fslightbox=\"gallery-495\">\n\t\t\t\t\t<img loading=\"lazy\" decoding=\"async\" src=\"https:\/\/arquiteturasacra.com.br\/portfolio\/wp-content\/uploads\/2025\/07\/2022.11_Capela-Sao-Jose-Maristas_Sao-Jose-dos-Pinhais-PR-depois-08-1-600x566.jpg\" alt=\"\" width=\"600\" height=\"566\" \/>\t\t\t\t\t<\/a>\n\t\t\t<\/div>\n<\/div>\n<div class=\"qodef-e qodef-image-wrapper qodef-grid-item\">\n\t<div class=\"qodef-e-inner\">\n\t\t\t\t\t<a class=\"qodef-popup-item\" itemprop=\"image\" href=\"https:\/\/arquiteturasacra.com.br\/portfolio\/wp-content\/uploads\/2025\/07\/2019.10_Matriz-Sao-Bento_Belo-Horizonte-MG02.jpeg\" data-type=\"image\" data-fslightbox=\"gallery-495\">\n\t\t\t\t\t<img loading=\"lazy\" decoding=\"async\" src=\"https:\/\/arquiteturasacra.com.br\/portfolio\/wp-content\/uploads\/2025\/07\/2019.10_Matriz-Sao-Bento_Belo-Horizonte-MG02-600x566.jpeg\" alt=\"\" width=\"600\" height=\"566\" \/>\t\t\t\t\t<\/a>\n\t\t\t<\/div>\n<\/div>\n\t<\/div>\n<\/div>\n\t\t\t\t<\/div>\n\t\t\t\t<\/div>\n\t\t\t\t<\/div>\n\t\t\t\t<\/div>\n\t\t<div class=\"elementor-element elementor-element-641a557a e-flex e-con-boxed e-con e-parent\" data-id=\"641a557a\" data-element_type=\"container\">\n\t\t\t\t\t<div class=\"e-con-inner\">\n\t\t\t\t<div class=\"elementor-element elementor-element-5eade61f elementor-widget elementor-widget-html\" data-id=\"5eade61f\" data-element_type=\"widget\" data-widget_type=\"html.default\">\n\t\t\t\t\t<style>\n    \n     body,html{\n        overflow-x: hidden !important;\n    }\n    \n    \n    .nav-menu-section{\n        position: absolute !important;\n        right: -250px !important;\n        transition: all 0.5s;\n        bottom: 0px;\n        height: 100vh;\n        width: 250px !important;\n    }\n    .nav-menu-section.active{\n        right: 0px !important;\n        width: 100% !important;\n    }\n    .nav-icon{\n        cursor: pointer;\n        line-height: 1;\n    }\n    .cross-button{\n        cursor: pointer;\n    }\n    \n    .header{\n        position: absolute !important;\n        top: 0;\n        left: 0;\n        right: 0;\n    }\n    .photo-gallery .eael-filter-gallery-control{\n        margin-bottom: 25px;\n    }\n    .icon-gallery .gallery-item img{\n        max-width: 65%;\n    }\n    .faq-section.qodef-e-content p {\n    margin: 0;\n    font-family: 'Roboto';\n    font-size: 16px;\n    font-weight: 400;\n    line-height: 1.6;\n}\n     @media (max-width: 1024px) {\n        .icon-gallery .gallery-item img{\n        max-width: 80%;\n    }\n    }\n    \n    @media (max-width: 768px) {\n        .icon-gallery .gallery-item img{\n        max-width: 65%;\n        margin-bottom: 20px;\n    }\n    @media (max-width: 480px) {\n        .clients-review .qodef-e-quote{\n        margin-bottom: 20px !important;\n    }\n    }\n<\/style>\n\n\n<script src=\"https:\/\/code.jquery.com\/jquery-3.6.0.min.js\"><\/script>\n<script>\nvar $ = jQuery\n    \n    $(document).ready(function(){\n      $(\".nav-icon\").click(function(){\n        $(\".nav-menu-section\").addClass(\"active\");\n      });\n      $(\".cross-button\").click(function(){\n        $(\".nav-menu-section\").removeClass(\"active\");\n      });\n      $(\".nav-menu-section .elementor-widget-icon-list a\").click(function(){\n          setTimeout(function(){\n              $(\".nav-menu-section\").removeClass(\"active\");\n          },1000)\n      });\n    });\n<\/script>\t\t\t\t<\/div>\n\t\t\t\t\t<\/div>\n\t\t\t\t<\/div>\n\t\t\t\t<\/div>\n\t\t","protected":false},"excerpt":{"rendered":"<p>Obras de arte paineis &#8211; Cruzes &#8211; quadros Express\u00f5es do Sagrado em T\u00e9cnica e Cor Das composi\u00e7\u00f5es intensas em carv\u00e3o e folha de ouro \u00e0s obras vibrantes e coloridas, cada cria\u00e7\u00e3o de Romolo reflete sua busca por traduzir o mist\u00e9rio do divino em forma visual. Com t\u00e9cnicas pr\u00f3prias e profundo senso simb\u00f3lico, suas obras revelam [&hellip;]<\/p>\n","protected":false},"author":1,"featured_media":0,"parent":0,"menu_order":0,"comment_status":"closed","ping_status":"closed","template":"elementor_canvas","meta":{"footnotes":""},"class_list":["post-12","page","type-page","status-publish","hentry"],"_links":{"self":[{"href":"https:\/\/arquiteturasacra.com.br\/portfolio\/wp-json\/wp\/v2\/pages\/12","targetHints":{"allow":["GET"]}}],"collection":[{"href":"https:\/\/arquiteturasacra.com.br\/portfolio\/wp-json\/wp\/v2\/pages"}],"about":[{"href":"https:\/\/arquiteturasacra.com.br\/portfolio\/wp-json\/wp\/v2\/types\/page"}],"author":[{"embeddable":true,"href":"https:\/\/arquiteturasacra.com.br\/portfolio\/wp-json\/wp\/v2\/users\/1"}],"replies":[{"embeddable":true,"href":"https:\/\/arquiteturasacra.com.br\/portfolio\/wp-json\/wp\/v2\/comments?post=12"}],"version-history":[{"count":43,"href":"https:\/\/arquiteturasacra.com.br\/portfolio\/wp-json\/wp\/v2\/pages\/12\/revisions"}],"predecessor-version":[{"id":277,"href":"https:\/\/arquiteturasacra.com.br\/portfolio\/wp-json\/wp\/v2\/pages\/12\/revisions\/277"}],"wp:attachment":[{"href":"https:\/\/arquiteturasacra.com.br\/portfolio\/wp-json\/wp\/v2\/media?parent=12"}],"curies":[{"name":"wp","href":"https:\/\/api.w.org\/{rel}","templated":true}]}}